{"id":1999,"date":"2024-03-29T19:51:49","date_gmt":"2024-03-29T19:51:49","guid":{"rendered":"https:\/\/casadelossoles.aschiende.com\/?page_id=1999"},"modified":"2024-04-19T01:45:24","modified_gmt":"2024-04-19T01:45:24","slug":"restaurant-2","status":"publish","type":"page","link":"https:\/\/casadelossoles.aschiende.com\/index.php\/restaurant-2\/","title":{"rendered":"Restaurant 2"},"content":{"rendered":"\t\t<div data-elementor-type=\"wp-page\" data-elementor-id=\"1999\" class=\"elementor elementor-1999\" data-elementor-post-type=\"page\">\n\t\t\t\t\t\t\t<div class=\"elementor-element elementor-element-a5b6caa e-flex e-con-boxed e-con e-parent\" data-id=\"a5b6caa\" data-element_type=\"container\" data-settings=\"{&quot;container_type&quot;:&quot;flex&quot;,&quot;content_width&quot;:&quot;boxed&quot;}\" data-core-v316-plus=\"true\">\n\t\t\t\t\t<div class=\"e-con-inner\">\n\t\t\t\t<div class=\"elementor-element elementor-element-8302bf3 elementor-widget elementor-widget-heading\" data-id=\"8302bf3\" data-element_type=\"widget\" data-widget_type=\"heading.default\">\n\t\t\t\t<div class=\"elementor-widget-container\">\n\t\t\t<style>\/*! elementor - v3.18.0 - 20-12-2023 *\/\n.elementor-heading-title{padding:0;margin:0;line-height:1}.elementor-widget-heading .elementor-heading-title[class*=elementor-size-]>a{color:inherit;font-size:inherit;line-height:inherit}.elementor-widget-heading .elementor-heading-title.elementor-size-small{font-size:15px}.elementor-widget-heading .elementor-heading-title.elementor-size-medium{font-size:19px}.elementor-widget-heading .elementor-heading-title.elementor-size-large{font-size:29px}.elementor-widget-heading .elementor-heading-title.elementor-size-xl{font-size:39px}.elementor-widget-heading .elementor-heading-title.elementor-size-xxl{font-size:59px}<\/style><h2 class=\"elementor-heading-title elementor-size-default\">Tortisol<\/h2>\t\t<\/div>\n\t\t\t\t<\/div>\n\t\t\t\t\t<\/div>\n\t\t\t\t<\/div>\n\t\t<div class=\"elementor-element elementor-element-6c27afbc e-flex e-con-boxed e-con e-parent\" data-id=\"6c27afbc\" data-element_type=\"container\" data-settings=\"{&quot;background_background&quot;:&quot;classic&quot;,&quot;container_type&quot;:&quot;flex&quot;,&quot;content_width&quot;:&quot;boxed&quot;}\" data-core-v316-plus=\"true\">\n\t\t\t\t\t<div class=\"e-con-inner\">\n\t\t<div class=\"elementor-element elementor-element-9657d5c e-con-full e-flex e-con e-child\" data-id=\"9657d5c\" data-element_type=\"container\" data-settings=\"{&quot;content_width&quot;:&quot;full&quot;,&quot;container_type&quot;:&quot;flex&quot;}\">\n\t\t\t\t<div class=\"elementor-element elementor-element-648e023b elementor-widget elementor-widget-image\" data-id=\"648e023b\" data-element_type=\"widget\" data-widget_type=\"image.default\">\n\t\t\t\t<div class=\"elementor-widget-container\">\n\t\t\t<style>\/*! elementor - v3.18.0 - 20-12-2023 *\/\n.elementor-widget-image{text-align:center}.elementor-widget-image a{display:inline-block}.elementor-widget-image a img[src$=\".svg\"]{width:48px}.elementor-widget-image img{vertical-align:middle;display:inline-block}<\/style>\t\t\t\t\t\t\t\t\t\t\t\t<img fetchpriority=\"high\" decoding=\"async\" width=\"1874\" height=\"1874\" src=\"https:\/\/casadelossoles.aschiende.com\/wp-content\/uploads\/2024\/04\/1-2.png\" class=\"attachment-full size-full wp-image-2392\" alt=\"\" srcset=\"https:\/\/casadelossoles.aschiende.com\/wp-content\/uploads\/2024\/04\/1-2.png 1874w, https:\/\/casadelossoles.aschiende.com\/wp-content\/uploads\/2024\/04\/1-2-300x300.png 300w, https:\/\/casadelossoles.aschiende.com\/wp-content\/uploads\/2024\/04\/1-2-1024x1024.png 1024w, https:\/\/casadelossoles.aschiende.com\/wp-content\/uploads\/2024\/04\/1-2-150x150.png 150w, https:\/\/casadelossoles.aschiende.com\/wp-content\/uploads\/2024\/04\/1-2-768x768.png 768w, https:\/\/casadelossoles.aschiende.com\/wp-content\/uploads\/2024\/04\/1-2-1536x1536.png 1536w\" sizes=\"(max-width: 1874px) 100vw, 1874px\" \/>\t\t\t\t\t\t\t\t\t\t\t\t\t\t\t<\/div>\n\t\t\t\t<\/div>\n\t\t\t\t<\/div>\n\t\t<div class=\"elementor-element elementor-element-5fcae34e e-con-full e-flex e-con e-child\" data-id=\"5fcae34e\" data-element_type=\"container\" data-settings=\"{&quot;content_width&quot;:&quot;full&quot;,&quot;container_type&quot;:&quot;flex&quot;}\">\n\t\t\t\t<div class=\"elementor-element elementor-element-61177b7c elementor-widget elementor-widget-text-editor\" data-id=\"61177b7c\" data-element_type=\"widget\" data-widget_type=\"text-editor.default\">\n\t\t\t\t<div class=\"elementor-widget-container\">\n\t\t\t<style>\/*! elementor - v3.18.0 - 20-12-2023 *\/\n.elementor-widget-text-editor.elementor-drop-cap-view-stacked .elementor-drop-cap{background-color:#69727d;color:#fff}.elementor-widget-text-editor.elementor-drop-cap-view-framed .elementor-drop-cap{color:#69727d;border:3px solid;background-color:transparent}.elementor-widget-text-editor:not(.elementor-drop-cap-view-default) .elementor-drop-cap{margin-top:8px}.elementor-widget-text-editor:not(.elementor-drop-cap-view-default) .elementor-drop-cap-letter{width:1em;height:1em}.elementor-widget-text-editor .elementor-drop-cap{float:left;text-align:center;line-height:1;font-size:50px}.elementor-widget-text-editor .elementor-drop-cap-letter{display:inline-block}<\/style>\t\t\t\t<p><span>Somos una cadena restaurantera que ofrece los m\u00e1s suculentos cortes de carne premium estilo rodizio, adem\u00e1s de una irresistible barra de especialidades gourmet con m\u00e1s de 50 platillos ideales para saborear como aperitivo o como guarnici\u00f3n para acompa\u00f1ar cada jugoso bocado de carne. Nos caracteriza la variedad de nuestras espadas, pero tambi\u00e9n la extensa lista de vinos para lograr el maridaje perfecto, as\u00ed como los deliciosos postres para coronar una experiencia culinaria espectacular. Nos puedes encontrar en Canc\u00fan y en Playa del Carmen\u00a0<\/span><\/p>\t\t\t\t\t\t<\/div>\n\t\t\t\t<\/div>\n\t\t\t\t<\/div>\n\t\t\t\t\t<\/div>\n\t\t\t\t<\/div>\n\t\t<div class=\"elementor-element elementor-element-c804ea9 e-con-full e-flex e-con e-parent\" data-id=\"c804ea9\" data-element_type=\"container\" data-settings=\"{&quot;content_width&quot;:&quot;full&quot;,&quot;container_type&quot;:&quot;flex&quot;}\" data-core-v316-plus=\"true\">\n\t\t\t\t<div class=\"elementor-element elementor-element-9de46a2 elementor-skin-carousel elementor-arrows-yes elementor-widget elementor-widget-media-carousel\" data-id=\"9de46a2\" data-element_type=\"widget\" data-settings=\"{&quot;slides_to_scroll&quot;:&quot;2&quot;,&quot;skin&quot;:&quot;carousel&quot;,&quot;effect&quot;:&quot;slide&quot;,&quot;show_arrows&quot;:&quot;yes&quot;,&quot;speed&quot;:500,&quot;space_between&quot;:{&quot;unit&quot;:&quot;px&quot;,&quot;size&quot;:10,&quot;sizes&quot;:[]},&quot;space_between_tablet&quot;:{&quot;unit&quot;:&quot;px&quot;,&quot;size&quot;:10,&quot;sizes&quot;:[]},&quot;space_between_mobile&quot;:{&quot;unit&quot;:&quot;px&quot;,&quot;size&quot;:10,&quot;sizes&quot;:[]}}\" data-widget_type=\"media-carousel.default\">\n\t\t\t\t<div class=\"elementor-widget-container\">\n\t\t\t<link rel=\"stylesheet\" href=\"https:\/\/casadelossoles.aschiende.com\/wp-content\/plugins\/elementor-pro\/assets\/css\/widget-carousel.min.css\">\t\t<div class=\"elementor-swiper\">\n\t\t\t<div class=\"elementor-main-swiper swiper\">\n\t\t\t\t<div class=\"swiper-wrapper\">\n\t\t\t\t\t\t\t\t\t\t\t<div class=\"swiper-slide\">\n\t\t\t\t\t\t\t\t\t<div class=\"elementor-carousel-image\" role=\"img\" aria-label=\"2\" style=\"background-image: url(&#039;https:\/\/casadelossoles.aschiende.com\/wp-content\/uploads\/2024\/04\/2-2.png&#039;)\">\n\n\t\t\t\n\t\t\t\t\t<\/div>\n\t\t\t\t\t\t\t\t<\/div>\n\t\t\t\t\t\t\t\t\t\t\t<div class=\"swiper-slide\">\n\t\t\t\t\t\t\t\t\t<div class=\"elementor-carousel-image\" role=\"img\" aria-label=\"3\" style=\"background-image: url(&#039;https:\/\/casadelossoles.aschiende.com\/wp-content\/uploads\/2024\/04\/3-2.png&#039;)\">\n\n\t\t\t\n\t\t\t\t\t<\/div>\n\t\t\t\t\t\t\t\t<\/div>\n\t\t\t\t\t\t\t\t\t\t\t<div class=\"swiper-slide\">\n\t\t\t\t\t\t\t\t\t<div class=\"elementor-carousel-image\" role=\"img\" aria-label=\"4\" style=\"background-image: url(&#039;https:\/\/casadelossoles.aschiende.com\/wp-content\/uploads\/2024\/04\/4-2.png&#039;)\">\n\n\t\t\t\n\t\t\t\t\t<\/div>\n\t\t\t\t\t\t\t\t<\/div>\n\t\t\t\t\t\t\t\t\t\t\t<div class=\"swiper-slide\">\n\t\t\t\t\t\t\t\t\t<div class=\"elementor-carousel-image\" role=\"img\" aria-label=\"5\" style=\"background-image: url(&#039;https:\/\/casadelossoles.aschiende.com\/wp-content\/uploads\/2024\/04\/5-2.png&#039;)\">\n\n\t\t\t\n\t\t\t\t\t<\/div>\n\t\t\t\t\t\t\t\t<\/div>\n\t\t\t\t\t\t\t\t\t\t\t<div class=\"swiper-slide\">\n\t\t\t\t\t\t\t\t\t<div class=\"elementor-carousel-image\" role=\"img\" aria-label=\"6\" style=\"background-image: url(&#039;https:\/\/casadelossoles.aschiende.com\/wp-content\/uploads\/2024\/04\/6.png&#039;)\">\n\n\t\t\t\n\t\t\t\t\t<\/div>\n\t\t\t\t\t\t\t\t<\/div>\n\t\t\t\t\t\t\t\t\t<\/div>\n\t\t\t\t\t\t\t\t\t\t\t\t\t\t\t\t\t\t\t\t<div class=\"elementor-swiper-button elementor-swiper-button-prev\" role=\"button\" tabindex=\"0\">\n\t\t\t\t\t\t\t<svg aria-hidden=\"true\" class=\"e-font-icon-svg e-eicon-chevron-left\" viewBox=\"0 0 1000 1000\" xmlns=\"http:\/\/www.w3.org\/2000\/svg\"><path d=\"M646 125C629 125 613 133 604 142L308 442C296 454 292 471 292 487 292 504 296 521 308 533L604 854C617 867 629 875 646 875 663 875 679 871 692 858 704 846 713 829 713 812 713 796 708 779 692 767L438 487 692 225C700 217 708 204 708 187 708 171 704 154 692 142 675 129 663 125 646 125Z\"><\/path><\/svg>\t\t\t\t\t\t\t<span class=\"elementor-screen-only\">Previous<\/span>\n\t\t\t\t\t\t<\/div>\n\t\t\t\t\t\t<div class=\"elementor-swiper-button elementor-swiper-button-next\" role=\"button\" tabindex=\"0\">\n\t\t\t\t\t\t\t<svg aria-hidden=\"true\" class=\"e-font-icon-svg e-eicon-chevron-right\" viewBox=\"0 0 1000 1000\" xmlns=\"http:\/\/www.w3.org\/2000\/svg\"><path d=\"M696 533C708 521 713 504 713 487 713 471 708 454 696 446L400 146C388 133 375 125 354 125 338 125 325 129 313 142 300 154 292 171 292 187 292 204 296 221 308 233L563 492 304 771C292 783 288 800 288 817 288 833 296 850 308 863 321 871 338 875 354 875 371 875 388 867 400 854L696 533Z\"><\/path><\/svg>\t\t\t\t\t\t\t<span class=\"elementor-screen-only\">Next<\/span>\n\t\t\t\t\t\t<\/div>\n\t\t\t\t\t\t\t\t\t\t\t\t<\/div>\n\t\t<\/div>\n\t\t\t\t<\/div>\n\t\t\t\t<\/div>\n\t\t\t\t<\/div>\n\t\t<div class=\"elementor-element elementor-element-01eedfa elementor-hidden-desktop elementor-hidden-tablet elementor-hidden-mobile e-flex e-con-boxed e-con e-parent\" data-id=\"01eedfa\" data-element_type=\"container\" data-settings=\"{&quot;container_type&quot;:&quot;flex&quot;,&quot;content_width&quot;:&quot;boxed&quot;}\" data-core-v316-plus=\"true\">\n\t\t\t\t\t<div class=\"e-con-inner\">\n\t\t\t\t<div class=\"elementor-element elementor-element-f2d913f elementor-widget elementor-widget-heading\" data-id=\"f2d913f\" data-element_type=\"widget\" data-widget_type=\"heading.default\">\n\t\t\t\t<div class=\"elementor-widget-container\">\n\t\t\t<h2 class=\"elementor-heading-title elementor-size-default\">Men\u00fa<\/h2>\t\t<\/div>\n\t\t\t\t<\/div>\n\t\t\t\t\t<\/div>\n\t\t\t\t<\/div>\n\t\t<div class=\"elementor-element elementor-element-69c5c93 e-grid elementor-hidden-desktop elementor-hidden-tablet elementor-hidden-mobile e-con-boxed e-con e-parent\" data-id=\"69c5c93\" data-element_type=\"container\" data-settings=\"{&quot;container_type&quot;:&quot;grid&quot;,&quot;grid_columns_grid&quot;:{&quot;unit&quot;:&quot;fr&quot;,&quot;size&quot;:5,&quot;sizes&quot;:[]},&quot;grid_rows_grid&quot;:{&quot;unit&quot;:&quot;fr&quot;,&quot;size&quot;:1,&quot;sizes&quot;:[]},&quot;grid_rows_grid_mobile&quot;:{&quot;unit&quot;:&quot;fr&quot;,&quot;size&quot;:&quot;2&quot;,&quot;sizes&quot;:[]},&quot;content_width&quot;:&quot;boxed&quot;,&quot;grid_outline&quot;:&quot;yes&quot;,&quot;grid_columns_grid_tablet&quot;:{&quot;unit&quot;:&quot;fr&quot;,&quot;size&quot;:&quot;&quot;,&quot;sizes&quot;:[]},&quot;grid_columns_grid_mobile&quot;:{&quot;unit&quot;:&quot;fr&quot;,&quot;size&quot;:1,&quot;sizes&quot;:[]},&quot;grid_rows_grid_tablet&quot;:{&quot;unit&quot;:&quot;fr&quot;,&quot;size&quot;:&quot;&quot;,&quot;sizes&quot;:[]},&quot;grid_auto_flow&quot;:&quot;row&quot;,&quot;grid_auto_flow_tablet&quot;:&quot;row&quot;,&quot;grid_auto_flow_mobile&quot;:&quot;row&quot;}\" data-core-v316-plus=\"true\">\n\t\t\t\t\t<div class=\"e-con-inner\">\n\t\t\t\t<div class=\"elementor-element elementor-element-1a6fc36 elementor-widget elementor-widget-text-editor\" data-id=\"1a6fc36\" data-element_type=\"widget\" data-widget_type=\"text-editor.default\">\n\t\t\t\t<div class=\"elementor-widget-container\">\n\t\t\t\t\t\t\t<p><strong style=\"font-size: larger;\">Huevos<\/strong><\/p><p><strong style=\"font-weight: 500;\">Revueltos al gusto.<\/strong><\/p><p style=\"font-size: small;\">Jam\u00f3n de pavo a la<br \/>mexicana, tocino o<br \/>natural.<\/p><p><strong style=\"font-weight: 500;\">$90.00 mxn<\/strong><\/p><p><strong style=\"font-weight: 500;\">Huevos con machaca.<\/strong><br \/>$120.00 mxn<\/p><p><strong style=\"font-weight: 500;\">Huevos estrellados.<\/strong><br \/>$90.00 mxn<\/p><p><strong style=\"font-weight: 500;\">Huevos rancheros.<\/strong><br \/>$110.00 mxn<\/p><p><strong style=\"font-weight: 500;\">Huevos divorciados.<\/strong><br \/>$110.00 mxn<\/p>\t\t\t\t\t\t<\/div>\n\t\t\t\t<\/div>\n\t\t\t\t<div class=\"elementor-element elementor-element-25ac672 elementor-widget elementor-widget-text-editor\" data-id=\"25ac672\" data-element_type=\"widget\" data-widget_type=\"text-editor.default\">\n\t\t\t\t<div class=\"elementor-widget-container\">\n\t\t\t\t\t\t\t<p><strong style=\"font-size: larger;\">Chilaquiles<\/strong><\/p><p><strong style=\"font-weight: 500;\">Verdes o rojos sencillos.<\/strong><\/p><p style=\"font-size: small;\">Salsa de la casa crema, queso, cebolla y cilantro<\/p><p><strong style=\"font-weight: 500;\">$110.00 mxn<\/strong><\/p><p><strong style=\"font-weight: 500;\">Con huevo.<\/strong><br \/>$110.00 mxn<\/p><p><strong style=\"font-weight: 500;\">Con pollo.<\/strong><br \/>$115.00 mxn<\/p><p><strong style=\"font-weight: 500;\">Enmoladas.<\/strong><\/p><p style=\"font-size: small;\">Rellenas de pollo o queso<\/p><p>$120.00 mxn<\/p><p><\/p>\t\t\t\t\t\t<\/div>\n\t\t\t\t<\/div>\n\t\t\t\t<div class=\"elementor-element elementor-element-19cf666 elementor-widget elementor-widget-text-editor\" data-id=\"19cf666\" data-element_type=\"widget\" data-widget_type=\"text-editor.default\">\n\t\t\t\t<div class=\"elementor-widget-container\">\n\t\t\t\t\t\t\t<p><strong style=\"font-size: larger;\">Enchiladas<\/strong><\/p><p><strong style=\"font-weight: 500;\">Verde o rojos con pollo.<\/strong><\/p><p style=\"font-size: small;\">Salsa de la casa, crema, queso, cebolla y cilantro<\/p><p><strong style=\"font-weight: 500;\">$130.00 mxn<\/strong><\/p><p><\/p>\t\t\t\t\t\t<\/div>\n\t\t\t\t<\/div>\n\t\t\t\t<div class=\"elementor-element elementor-element-585aef2 elementor-widget elementor-widget-text-editor\" data-id=\"585aef2\" data-element_type=\"widget\" data-widget_type=\"text-editor.default\">\n\t\t\t\t<div class=\"elementor-widget-container\">\n\t\t\t\t\t\t\t<p><strong style=\"font-size: larger;\">Lunch-Comida<\/strong><\/p><p><strong style=\"font-weight: 500;\">Revueltos al gusto.<\/strong><\/p><p style=\"font-size: small;\">Jam\u00f3n de pavo a la<br \/>mexicana, tocino o<br \/>natural.<\/p><p><strong style=\"font-weight: 500;\">$90.00 mxn<\/strong><\/p><p><strong style=\"font-weight: 500;\">Huevos con machaca.<\/strong><br \/>$120.00 mxn<\/p><p><strong style=\"font-weight: 500;\">Huevos estrellados.<\/strong><br \/>$90.00 mxn<\/p><p><strong style=\"font-weight: 500;\">Huevos rancheros.<\/strong><br \/>$110.00 mxn<\/p><p><strong style=\"font-weight: 500;\">Huevos divorciados.<\/strong><br \/>$110.00 mxn<\/p>\t\t\t\t\t\t<\/div>\n\t\t\t\t<\/div>\n\t\t\t\t<div class=\"elementor-element elementor-element-bc69f45 elementor-widget elementor-widget-text-editor\" data-id=\"bc69f45\" data-element_type=\"widget\" data-widget_type=\"text-editor.default\">\n\t\t\t\t<div class=\"elementor-widget-container\">\n\t\t\t\t\t\t\t<p><strong style=\"font-size: larger;\">Bebidas<\/strong><\/p><p><strong style=\"font-weight: 500;\">Refresco.<\/strong><\/p><p style=\"font-size: small;\">Refresco de sabor de 355 ml.<\/p><p><strong style=\"font-weight: 500;\">$35.00 mxn<\/strong><\/p><p><strong style=\"font-weight: 500;\">Chaparrita.<\/strong><\/p><p style=\"font-size: small;\">Sabor naranja o uva<\/p><p>$25.00 mxn<\/p><p><strong style=\"font-weight: 500;\">Caf\u00e9.<\/strong><\/p><p style=\"font-size: small;\">Negro<\/p><p>$40.00 mxn<\/p><p style=\"font-size: small;\">Expresso<\/p><p>$50.00 mxn<\/p><p style=\"font-size: small;\">Capuccino<\/p><p>$55.00 mxn<\/p>\t\t\t\t\t\t<\/div>\n\t\t\t\t<\/div>\n\t\t\t\t\t<\/div>\n\t\t\t\t<\/div>\n\t\t<div class=\"elementor-element elementor-element-b8eac31 e-flex e-con-boxed e-con e-parent\" data-id=\"b8eac31\" data-element_type=\"container\" data-settings=\"{&quot;container_type&quot;:&quot;flex&quot;,&quot;content_width&quot;:&quot;boxed&quot;}\" data-core-v316-plus=\"true\">\n\t\t\t\t\t<div class=\"e-con-inner\">\n\t\t\t\t<div class=\"elementor-element elementor-element-a470af7 elementor-widget elementor-widget-image\" data-id=\"a470af7\" data-element_type=\"widget\" data-widget_type=\"image.default\">\n\t\t\t\t<div class=\"elementor-widget-container\">\n\t\t\t\t\t\t\t\t\t\t\t\t\t\t\t<img decoding=\"async\" width=\"1614\" height=\"1391\" src=\"https:\/\/casadelossoles.aschiende.com\/wp-content\/uploads\/2024\/04\/Menu-tortisol-1.png\" class=\"attachment-full size-full wp-image-2278\" alt=\"\" srcset=\"https:\/\/casadelossoles.aschiende.com\/wp-content\/uploads\/2024\/04\/Menu-tortisol-1.png 1614w, https:\/\/casadelossoles.aschiende.com\/wp-content\/uploads\/2024\/04\/Menu-tortisol-1-300x259.png 300w, https:\/\/casadelossoles.aschiende.com\/wp-content\/uploads\/2024\/04\/Menu-tortisol-1-1024x883.png 1024w, https:\/\/casadelossoles.aschiende.com\/wp-content\/uploads\/2024\/04\/Menu-tortisol-1-768x662.png 768w, https:\/\/casadelossoles.aschiende.com\/wp-content\/uploads\/2024\/04\/Menu-tortisol-1-1536x1324.png 1536w\" sizes=\"(max-width: 1614px) 100vw, 1614px\" \/>\t\t\t\t\t\t\t\t\t\t\t\t\t\t\t<\/div>\n\t\t\t\t<\/div>\n\t\t\t\t\t<\/div>\n\t\t\t\t<\/div>\n\t\t<div class=\"elementor-element elementor-element-8b96936 e-con-full e-flex e-con e-parent\" data-id=\"8b96936\" data-element_type=\"container\" data-settings=\"{&quot;content_width&quot;:&quot;full&quot;,&quot;container_type&quot;:&quot;flex&quot;}\" data-core-v316-plus=\"true\">\n\t\t\t\t<div class=\"elementor-element elementor-element-981d942 elementor-widget elementor-widget-image\" data-id=\"981d942\" data-element_type=\"widget\" data-widget_type=\"image.default\">\n\t\t\t\t<div class=\"elementor-widget-container\">\n\t\t\t\t\t\t\t\t\t\t\t\t\t\t\t<img decoding=\"async\" width=\"1614\" height=\"1270\" src=\"https:\/\/casadelossoles.aschiende.com\/wp-content\/uploads\/2024\/04\/Menu-tortisol-2-1.png\" class=\"attachment-full size-full wp-image-2277\" alt=\"\" srcset=\"https:\/\/casadelossoles.aschiende.com\/wp-content\/uploads\/2024\/04\/Menu-tortisol-2-1.png 1614w, https:\/\/casadelossoles.aschiende.com\/wp-content\/uploads\/2024\/04\/Menu-tortisol-2-1-300x236.png 300w, https:\/\/casadelossoles.aschiende.com\/wp-content\/uploads\/2024\/04\/Menu-tortisol-2-1-1024x806.png 1024w, https:\/\/casadelossoles.aschiende.com\/wp-content\/uploads\/2024\/04\/Menu-tortisol-2-1-768x604.png 768w, https:\/\/casadelossoles.aschiende.com\/wp-content\/uploads\/2024\/04\/Menu-tortisol-2-1-1536x1209.png 1536w\" sizes=\"(max-width: 1614px) 100vw, 1614px\" \/>\t\t\t\t\t\t\t\t\t\t\t\t\t\t\t<\/div>\n\t\t\t\t<\/div>\n\t\t\t\t<\/div>\n\t\t<div class=\"elementor-element elementor-element-9d1a96c e-flex e-con-boxed e-con e-parent\" data-id=\"9d1a96c\" data-element_type=\"container\" data-settings=\"{&quot;container_type&quot;:&quot;flex&quot;,&quot;content_width&quot;:&quot;boxed&quot;}\" data-core-v316-plus=\"true\">\n\t\t\t\t\t<div class=\"e-con-inner\">\n\t\t\t\t<div class=\"elementor-element elementor-element-e35c146 elementor-widget elementor-widget-google_maps\" data-id=\"e35c146\" data-element_type=\"widget\" data-widget_type=\"google_maps.default\">\n\t\t\t\t<div class=\"elementor-widget-container\">\n\t\t\t<style>\/*! elementor - v3.18.0 - 20-12-2023 *\/\n.elementor-widget-google_maps .elementor-widget-container{overflow:hidden}.elementor-widget-google_maps .elementor-custom-embed{line-height:0}.elementor-widget-google_maps iframe{height:300px}<\/style>\t\t<div class=\"elementor-custom-embed\">\n\t\t\t<iframe loading=\"lazy\"\n\t\t\t\t\tsrc=\"https:\/\/maps.google.com\/maps?q=Terraza%20Tonalli&#038;t=m&#038;z=16&#038;output=embed&#038;iwloc=near\"\n\t\t\t\t\ttitle=\"Terraza Tonalli\"\n\t\t\t\t\taria-label=\"Terraza Tonalli\"\n\t\t\t><\/iframe>\n\t\t<\/div>\n\t\t\t\t<\/div>\n\t\t\t\t<\/div>\n\t\t\t\t\t<\/div>\n\t\t\t\t<\/div>\n\t\t\t\t\t\t\t<\/div>\n\t\t","protected":false},"excerpt":{"rendered":"<p>Tortisol Somos una cadena restaurantera que ofrece los m\u00e1s suculentos cortes de carne premium estilo rodizio, adem\u00e1s de una irresistible barra de especialidades gourmet con m\u00e1s de 50 platillos ideales para saborear como aperitivo o como guarnici\u00f3n para acompa\u00f1ar cada jugoso bocado de carne. Nos caracteriza la variedad de nuestras [&hellip;]<\/p>\n","protected":false},"author":2,"featured_media":0,"parent":0,"menu_order":0,"comment_status":"closed","ping_status":"closed","template":"elementor_header_footer","meta":{"_monsterinsights_skip_tracking":false,"_monsterinsights_sitenote_active":false,"_monsterinsights_sitenote_note":"","_monsterinsights_sitenote_category":0,"footnotes":""},"aioseo_notices":[],"_links":{"self":[{"href":"https:\/\/casadelossoles.aschiende.com\/index.php\/wp-json\/wp\/v2\/pages\/1999"}],"collection":[{"href":"https:\/\/casadelossoles.aschiende.com\/index.php\/wp-json\/wp\/v2\/pages"}],"about":[{"href":"https:\/\/casadelossoles.aschiende.com\/index.php\/wp-json\/wp\/v2\/types\/page"}],"author":[{"embeddable":true,"href":"https:\/\/casadelossoles.aschiende.com\/index.php\/wp-json\/wp\/v2\/users\/2"}],"replies":[{"embeddable":true,"href":"https:\/\/casadelossoles.aschiende.com\/index.php\/wp-json\/wp\/v2\/comments?post=1999"}],"version-history":[{"count":28,"href":"https:\/\/casadelossoles.aschiende.com\/index.php\/wp-json\/wp\/v2\/pages\/1999\/revisions"}],"predecessor-version":[{"id":2409,"href":"https:\/\/casadelossoles.aschiende.com\/index.php\/wp-json\/wp\/v2\/pages\/1999\/revisions\/2409"}],"wp:attachment":[{"href":"https:\/\/casadelossoles.aschiende.com\/index.php\/wp-json\/wp\/v2\/media?parent=1999"}],"curies":[{"name":"wp","href":"https:\/\/api.w.org\/{rel}","templated":true}]}}